{"id":67,"date":"2018-01-25T20:08:12","date_gmt":"2018-01-25T20:08:12","guid":{"rendered":"http:\/\/ginta.lv\/?page_id=67"},"modified":"2025-10-30T16:08:08","modified_gmt":"2025-10-30T14:08:08","slug":"portfolio","status":"publish","type":"page","link":"https:\/\/ginta.lv\/index.php\/portfolio\/","title":{"rendered":"Portfolio"},"content":{"rendered":"<p><strong><u>Education<\/u><\/strong><\/p>\n<p>Art Academy of Latvia, Doctoral studies<\/p>\n<p>Practice at the artist Yiumsiri Vantanapindu workshop (contemporary jewelry, ceramics)\u00a0<span style=\"font-size: 1rem;\">Erasmus+ program,<\/span><span style=\"font-size: 1rem;\">\u00a0<\/span><span style=\"font-size: 1rem;\">Strasbourg France, 2016 January 1st \u2013 April 30th<\/span><\/p>\n<p>Art Academy of Latvia, Metal design department, 2015, Master Degree<\/p>\n<p><span style=\"font-size: 1rem;\">Art Academy of Latvia, Metal design department, 2013, Bachelor Degree;\u00a0<\/span><em>L&#8217; \u00e9cole sup\u00e9rieure des arts Decoratifs de Strasbourg<\/em>\u00a0<span style=\"font-size: 1rem;\">\u00a0<\/span><span style=\"font-size: 1rem;\">jewelry department (changed to\u00a0<em><a href=\"http:\/\/www.hear.fr\/arts-plastiques\/art-objet\/\">Haute \u00e9cole des arts du Rhin<\/a>)<\/em>,\u00a0<\/span><span style=\"font-size: 1rem;\">Erasmus study program ,<\/span><span style=\"font-size: 1rem;\">\u00a0Strasbourg France,<\/span><span style=\"font-size: 1rem;\">\u00a0September 2012 &#8211; January 2013<\/span><\/p>\n<p><a href=\"https:\/\/www.rdmv.lv\/en\/news\/education\/education-programs\/metalwork-design\">Riga Design and Art School<\/a>, Metal design department, 2009, vocational education<\/p>\n<p><strong><u>Working experience<\/u><\/strong><\/p>\n<p>Giving jewelry history lectures in the Art Academy of Latvia, Metal design department, for BA students, from September 2016,\u00a0for MA students from september 2018<\/p>\n<p>Curatorial work in exhibition production since 2016 (Art Academy of Latvia, Art Academy of Latvia, Metal design department and Latvian Jewellery Art Association)<\/p>\n<p>Working as a freelance artist since 2012<\/p>\n<p><strong><u>Exhibitions<\/u><\/strong><\/p>\n<p>Solo exhibition<a href=\"https:\/\/latvianjewellery.org\/lv\/event\/nepara-gads\/\"> &#8220;ODD YEAR&#8221;<\/a> (Nep\u0101ra Gads), Jaunpils palace, Jaunpils, Latvia, 2025 May 17 &#8211; September 30<\/p>\n<p>Participation and curating the 7th <a href=\"https:\/\/latvianjewellery.org\/lv\/exhibition\/skarien-jutigs-vilna\/\">Latvian Jewellery Art Association<\/a> group exhibition \u201cTOUCH-SENSITIVE\u201d, Museum of Decorative Arts and Design Vilnius (Arsenalo g. 3a, Vilnius, 01143 Vilniaus m. sav.), Lithuania, 2025 April 12 &#8211; June 30<\/p>\n<p>Participation at the <a href=\"https:\/\/www.metalofonas.eu\/en\/\">METALLOphone 2024<\/a> Biennial of Jewellery Art opened at the Vilnius Museum of Applied Arts and Design, Arsenalo st. 3a, Vilnius, Lithuania, 2024 October 30 &#8211; 2025 February 28<\/p>\n<p>Curating The international contemporary jewellery event <a href=\"https:\/\/latvianjewellery.org\/event\/in-situ-jewellery-parade\/\">JEWELLERY PARADE and IN SITU* summer school<\/a>, Jaunmoku Palace, Latvia 2024 August 1 &#8211; 4\u00a0<\/p>\n<p>Participation and curating the 6th <a href=\"https:\/\/latvianjewellery.org\/exhibition\/touch-sensitive\/\">Latvian Jewellery Art Association<\/a> group exhibition <a href=\"https:\/\/www.lnmm.lv\/en\/museum-of-decorative-arts-and-design\/exhibitions\/touch-sensitive-504\">\u201cTOUCH-SENSITIVE\u201d<\/a>, Museum of Decorative Arts and Design Riga (Sk\u0101r\u0146u iela 10), Latvia, 2024 February 8 &#8211; April 21<\/p>\n<p>Participation and organizing the 5th Latvian Jewellery Art Association group exhibition <a href=\"https:\/\/latvianjewellery.org\/exhibition\/imagine-peace-2\/\">\u201cIMAGINE. Peace\u201d<\/a>, located in both: Agenskalna market pavilion (2nd floor, next to bar VEST) and Kalnciema quarter gallery, Latvia, 2022 September 30 &#8211; October 30<\/p>\n<p>Participation (<em>with a background soundtrack specially prepared for the exhibition<\/em>) and organizing The Art Academy of Latvia, Department of Metal Design exhibition <a href=\"https:\/\/ginta.lv\/index.php\/2022\/05\/15\/slipejot-stereotipus-kas-ir-metala-dizains\/\">\u201cSL\u012aP\u0112JOT STEREOTIPUS. Kas ir met\u0101la dizains?\u201d<\/a> (\u201cBREAKING STEREOTYPES. What is metal design?\u201d), Art, Culture and Tourism centre of Sabile, Latvia 2022 May 15 \u2013 June 20<\/p>\n<p>Participation and organizing Art Academy of Latvia, Department of Metal Design exhibition <a href=\"https:\/\/www.instagram.com\/brivdabasgalerija\/?hl=en\">\u201cBR\u012aVDABAS GALERIJA. Tautas nama galerija\u201d<\/a> (\u201cOutdoor gallery. Culture house gallery\u201d), Mersrags Culture house, Latvia, 2021 September 4 \u2013 September 25<\/p>\n<p>Participation and organizing Latvian Jewellery Art Association exhibition \u201cDIARY\u201d, <a href=\"https:\/\/latvianjewellery.org\/exhibition\/latvian-jewellery-art-association-exhibition-diary\/\">Valmiera Museum Exhibition Hall<\/a>, Latvia, 2021 July 3 \u2013 August 1; <a href=\"https:\/\/latvianjewellery.org\/exhibition\/diary-in-kuldiga\/\">Kuld\u012bga Artists\u2019 Residence gallery<\/a>, Latvia, 2021 August 29 &#8211; October 10<\/p>\n<p>Participation in Latvian Jewellery Art Association <a href=\"https:\/\/latvianjewellery.org\/exhibition\/778\/\">exhibition \u201cMARK\u201d<\/a>, Daugavpils Mark Rothko Art center, Latvia, 2020 February 7 \u2013 April 14th<\/p>\n<p>Participation and organizing\u00a0\u00a0\u00a0Art Academy of Latvia,\u00a0Department of Metal design exhibition <a href=\"http:\/\/ginta.lv\/index.php\/2019\/12\/12\/paaugstinata-temperatura\/\">\u201cPaaugstin\u0101t\u0101 Temperat\u016bra\u201d<\/a> (\u201cRAISED TEMPERATURE\u201d), Gulbene museum exhibition hall, Latvia, 2019 December 12th \u2013 2020 January 28th<\/p>\n<p>Participation in the first <a href=\"https:\/\/www.facebook.com\/rotumakslasbiedriba\/\">Latvian Jewellery Art Association<\/a> exhibition \u201cA PRIORI\u201d, Cesis exhibition hall, Latvia, 2019 June 21th \u2013 Jule 28th<\/p>\n<p>Participation and organizing\u00a0\u00a0<a href=\"https:\/\/www.facebook.com\/LmaMetalaDizainaKatedra\/\">\u00a0Art Academy of Latvia,\u00a0Department of Metal design<\/a> exhibition \u201cPERFECT MESS\u201d, Tallinas Street\u00a0Quarter, Riga, Latvia, 2019 May 4th \u2013 11th<\/p>\n<p>Participation in the group exhibition \u201cTIME PERCEPTION VOL.5\u201d, within Munich Jewelry Week 2019, Autohaus Schwanthalerh\u00f6he, Munich, Germany, 2019 March 14th \u2013 17th<\/p>\n<p>Participation in the group exhibition \u201cTIME PERCEPTION VOL.4\u201d, within Munich Jewelry Week 2018, FOER Ateljier, Munich, Germany, 2018 March 7th \u2013 11th<\/p>\n<p>Group exhibition \u201c<a href=\"http:\/\/www.atemporarystudio.com\/ironically-iconic-unexpected-design-for-expected-uses\/?lang=en\">IRONICALLY ICONIC<\/a> \u201d, within Milan Design Week 2017, Milan, Italy, 2017 April 4th \u2013 9th<\/p>\n<p>Group exhibition \u201c<a href=\"https:\/\/klimt02.net\/events\/exhibitions\/hatara-project-time-perception-vol-3-lovaas-artspace\">TIME PERCEPTION VOL.3<\/a>\u201d, within Munich Jewelry Week 2017, Artspace LOVAAS, Munich, Germany, 2017 March 8th \u2013 11th<\/p>\n<p>Group exhibition \u201c<em>Vi\u0146as Da(r)b\u0101<\/em>\u201d, Goethe Institute Riga, Latvia, 2016 September 1st \u2013 27th<\/p>\n<p>Group exhibition \u201c<a href=\"https:\/\/klimt02.net\/events\/exhibitions\/hatara-project-time-perception-vol-2-galerie-vernon\">TIME PERCEPTION VOL.2<\/a>\u201d, within Munich Jewelry Week 2016, Gallery Vernon, Munich, Germany, 2016 February 24th \u2013 27th<\/p>\n<p>Group exhibition &#8211; &#8220;<a href=\"http:\/\/www.rasmapuspure.com\/exhibitions\/subjective-and-perspective-2015\">Subjective and Perspective<\/a>&#8220;, Gulbenes History and Art museum, Gulbene, Latvia, 2015 November 27th \u2013 2016 January 3rd; Aluksne Cultural Center, Aluksne, Latvia, 2016 January 8th \u2013 February 25<sup>th<\/sup><\/p>\n<p>Riga International design exhibition &#8220;Design Isle &#8220;, 2015 October 1st \u2013 4th<\/p>\n<p>Participation in the exhibition of prof. Juris Gagainis &#8221; <em>Ku\u0123i piest\u0101j Segewold\u0113 <\/em>&#8220;, art and culture space \u201cSigulda tower\u201d, Sigulda, Latvia, 2015 April 24th to May 24th<\/p>\n<p>Riga International design exhibition &#8220;Design Isle &#8220;, 2014 October 2nd \u2013 5th<\/p>\n<p>The Second International Biennale of Contemporary Metal Art &#8220;<a href=\"https:\/\/www.metalofonas.com\/2014\">METALLOphone: Personally<\/a>&#8220;, AV17 gallery, Au\u0161ros Vart\u0173 st.17, Vilnius, 2014 October 2nd; at the Metal Art and Jewellery faculty of Vilnius Academy of Arts in Tel\u0161iai, Lithuania, 2014 November 14th<\/p>\n<p>Traveling group exhibition by\u00a0<span style=\"font-size: 1rem;\">Art Academy of Latvia Metal Design Department<\/span><span style=\"font-size: 1rem;\">\u00a0<\/span><span style=\"font-size: 1rem;\">\u00a0&#8211; &#8220;<\/span>Winter sun<span style=\"font-size: 1rem;\">&#8220;, Gulbenes History and Art museum, Gulbene, Latvia, 2013 November 17th \u2013 December 31st,\u00a0<\/span><span style=\"font-size: 1rem;\">Cesis Exhibition Hall, 2014 February 7th &#8211;\u00a0 March 2nd<\/span><\/p>\n<p>Riga International design exhibition &#8220;Design Isle &#8220;, 2013 October 3rd &#8211;\u00a0 6th<\/p>\n<p>International Baltic jewelry show &#8220;AMBER TRIP&#8221; and amber jeweler competition &#8220;Number 10th Victoria&#8221; in honor of &#8220;AMBER TRIP&#8221; decade, Vilnius, 2013 March 13th-16th<\/p>\n<p>Exhibition &#8220;Enamel and Jewelry from Eastern Europe&#8221;, Barcelona, \u200b\u200b2013 January 22nd &#8211;\u00a0 February 25th<\/p>\n<p>Exhibition and symposium, gallery <em>Meno Ni\u0161a<\/em>, Vilnius, 2012 September 2nd -12th<\/p>\n<p><strong><u>Appearances and articles<\/u><\/strong><\/p>\n<p>Jury of the international jewellery competition &#8220;Amber Trip&#8221;, Vilnius, 15-18 March 2023<\/p>\n<p><a href=\"https:\/\/www.journalofjewelleryresearch.org\/wp-content\/uploads\/2022\/08\/JJR_Vol5.pdf\">Latvian Jewellery Art Association: Exploring the Function of National Associations for Jewellery Artist\u00a0<\/a> VOLUME 5 \u2013 JOURNAL OF JEWELLERY RESEARCH<\/p>\n<p><a href=\"https:\/\/artjewelryforum.org\/selected-latvian-jewelry-of-2019\">Selected Latvian Jewelry of 2019 for\u00a0<span style=\"font-size: 1rem;\">Art Jewelry Forum<\/span><\/a><span style=\"font-size: 1rem;\">\u00a0<\/span><\/p>\n<p><a href=\"https:\/\/arterritory.com\/lv\/on_site\/reportazas\/21474-rotu_makslas_meka_minhene\/\">Rotuy M\u0101kslas Meka Minhene for Arterritory<\/a> in 2018<\/p>\n<p><a href=\"http:\/\/Laikmet\u012bg\u0101s rotas Minhen\u0113 un SCHMUCK 2017\">Laikmet\u012bg\u0101s rotas Minhen\u0113 un SCHMUCK 2017 for Arterritory<\/a><\/p>\n<p>Part of the Arrangement\u00a0Committee (<em>Arrkom<\/em>) at\u00a0the <a href=\"http:\/\/nordic.university\/\">Nordic Summer University<\/a> summer session 2017;\u00a0 also participating with a presentation &#8211;\u00a0<em>Broken jewellery as a determination<\/em> in\u00a0<a href=\"http:\/\/nordic.university\/study-circles\/7-practicing-communities-transformative-societal-strategies-of-artistic-research\/abstracts-bios-circle-7-summer-symposium-saulkrasti-2017\/\">Circle 7<\/a><em>,<\/em>\u00a0Saulkrasti Latvia, 2017 July 26th \u2013August 2nd<\/p>\n<p><a href=\"https:\/\/baltichistoryunited.weebly.com\/\">Baltic History United<\/a> &#8211; student-to-student conference, Tallinn Estonia, 2016 November 25th &#8211; 26th<\/p>\n<p>Participating in the interdisciplinary festival\/seminar \u201c<a href=\"http:\/\/journal.dance.lv\/eng\/new-dance-in-a-new-place-has-reached-west-coast-of-latvia\/\">New Dance in a New Place<\/a>\u201d speeking about jewelry as an extension of the body, Cirava Latvia, 2016 August 28 &#8211; September 1<\/p>\n<p><span class=\"il\">Participation at Winter<\/span>\u00a0<span class=\"il\">Symposium<\/span>\u00a0\u201e<a href=\"http:\/\/nordic.university\/study-circles\/7-practicing-communities-transformative-societal-strategies-of-artistic-research\/1061-2\/\">Practicing Communities: Transformative societal strategies of artistic research<\/a>\u201d with a presentation &#8211;\u00a0<em>Re-building jewellery art: the possibilities of transforming jewellery art teaching methods<\/em> , Riga Latvia, 2016 March\u00a017th &#8211; 20th<\/p>\n<p>Giving a lecture &#8220;ABOUT JEWELLRY ART&#8221; on student and professional\u00a0 jeweler work in Latvia and my work, Metal Art and Jewellery faculty of <a href=\"http:\/\/www.vda.lt\/en\/faculty-of-telsiai\">Vilnius Academy of Arts <\/a>in Tel\u0161iai\u00a0Lithuania, 2014 November 24th<\/p>\n<p>Giving a lecture &#8220;Jewellery art in the 21st century Central Europe\u201d in The Metal Festival \u201cMetal Games\u201d, Jelgava Latvia, 2014 September \u00a06th<\/p>\n<p>Participation at the International Enameling Art Symposium at Gallery <em>Meno Ni\u0161a<\/em>, Lithuania Vilnius, 2012 September<\/p>\n<p><strong><u>Competitions<\/u><\/strong><\/p>\n<p><span style=\"font-size: 1rem;\">The Latvian Public Media Award in Culture <a href=\"https:\/\/www.lsm.lv\/raksts\/kultura\/kilograms-kulturas\/15.02.2025-apbalvoti-kilograms-kulturas-2024-laureati-gada-notikums-jrt-restauracija.a587956\/\">&#8220;Kilograms Kult\u016bras 2024&#8221;<\/a>\u00a0in the category &#8220;Visual Art&#8221; awarded to the exhibition &#8220;Touch-Sensitive&#8221; by <a href=\"https:\/\/latvianjewellery.org\/exhibition\/touch-sensitive\/\">Latvian Jewellery Art Association<\/a>, Museum of Decorative Arts and Design, curators Ginta Gr\u016bbe and Zane Vilka, Riga, 2025 February 15<\/span><\/p>\n<p><a href=\"https:\/\/www.fold.lv\/2024\/12\/zinami-latvijas-dizaina-gada-balvas-2025-rudens-nominanti\/\" target=\"_blank\" rel=\"noopener\" data-saferedirecturl=\"https:\/\/www.google.com\/url?q=https:\/\/www.fold.lv\/2024\/12\/zinami-latvijas-dizaina-gada-balvas-2025-rudens-nominanti\/&amp;source=gmail&amp;ust=1740673409789000&amp;usg=AOvVaw3kLgUKgP6H44J4cDfD33JG\">&#8220;In Situ*&#8221; exhibition has been shortlisted for the Latvian Design Award 2025<\/a>, appreciating the original design of the exposition, creative team: Ginta Gr\u016bbe, Una Mikuda, Rasma Pu\u0161pure, Modris Svil\u0101ns, Guna Poga; 2025 January 9<\/p>\n<p>II place winner in the Jewellery Art Contest <strong>&#8220;<\/strong>Dialogue of Opposites<strong>&#8220;<\/strong> XII International Baltic Jewellery Show &#8220;<a href=\"http:\/\/www.ambertrip.com\/en\/about-show\">Amber Trip<\/a>&#8221; Vilnius Lithuania, 2015 March 18th \u2013 21th<\/p>\n<p>Acknowledgment in <a href=\"http:\/\/design.lv\/en\/gada-balva-dizaina\/gada-balva-dizaina-2013\">The Annual Design Award<\/a> 2013 category &#8220;Fashion design for higher education institutions&#8221;, Riga Latvia, 2013 October 5th<\/p>\n<p><strong><u>Other projects<\/u><\/strong><\/p>\n<p>Creative Practice at <a href=\"http:\/\/www.obras-art.org\/\">Foundation OBRAS Art Residencies program<\/a>, Alantejo region, Portug\u0101le, 3 &#8211; 27 September 2025<\/p>\n<p>Design and production of the GRAND PRIX award for the 6th International Baltic Sea Choir Competition, September 2023<\/p>\n<p>Participation in the new theatre festival <a href=\"https:\/\/www.homonovus.lv\/eng\/\">&#8220;HOMO NOVUS&#8221;<\/a> with LAUKKU in the performance &#8220;Imagining the Arthouse&#8221;, idea, performance, visual design, 3 September 2023<\/p>\n<p>Participation in the festival &#8220;Art Picnic 2023&#8221; with LAUKKU in the performance &#8220;Izsap\u0146ot \u0100rthausu&#8221;, L\u016bznavas Manor, Rezekne region, 15 July 2023<\/p>\n<p>Work at the qualification examination assessment board at Riga School of Design and Art, Riga, 15 June 2023, Metal Product Design Programme<\/p>\n<p>Participation in the international festival <a href=\"https:\/\/baltictakeover.com\/\">&#8220;Baltic take over&#8221;<\/a>, with LAUKKU in the performance<a href=\"https:\/\/laukku.lv\/2023\/04\/13\/baltic-take-over-laukku-takes-the-stage-at-kiasma\/\"> &#8220;DREAMING OF A PERFECT ARTS HOUSE&#8221;<\/a>, Helsinki, Kiasma Museum, 9 June 2023, <a href=\"https:\/\/satori.lv\/article\/radit-savu-telpu-skatuves-makslas-festivala-dienasgramata\">Satori article<\/a><\/p>\n<p>Creative Practice at ESKUS Residency Centre, Helsinki, 1-10 June 2023<\/p>\n<p>Design and production of the Latvian Dance Award GRAND PRIX statue, preparation of visual materials, April 2023<\/p>\n<p>Design and production of a statue for the Valdis Vikmanis Performing Artists Competition, commissioned by Liep\u0101ja Music and Art Secondary School, 24 February 2023<\/p>\n<p>Protographer and artist assistant\/requisitor in the TV series by &#8220;Tuta Media&#8221; &#8211; educational content for children, 2018 &#8211; 2020<\/p>\n<p>J\u0101\u0146a\u00a0<em>Z\u0101bera<\/em>\u00a0I International vocalist competition award design, 2019 October<\/p>\n<p>4. International Baltic See Choir Competition GRAND PRIX award design, 2019 September<\/p>\n<p>First Latvian <a href=\"http:\/\/www.dejasbalva.lv\/dejas-balvas-pasniegsanas-ceremonija-bus-skatama-interneta-tiesraide\/\">Dance Award<\/a>\u00a0 GRAND PRIX award and logo and award design, 2019 April<\/p>\n<p>3. International Baltic See Choir Competition GRAND PRIX award design, 2018 September<\/p>\n<p>2. International Baltic See Choir Competition GRAND PRIX award design, 2017 September<\/p>\n<p>1. International Baltic See Choir Competition GRAND PRIX award design, 2016 September<\/p>\n\n\n<p><\/p>\n","protected":false},"excerpt":{"rendered":"<p>Education Art Academy of Latvia, Doctoral studies Practice at the artist Yiumsiri Vantanapindu workshop (contemporary jewelry, ceramics)\u00a0Erasmus+ program,\u00a0Strasbourg France, 2016 January 1st \u2013 April 30th Art Academy of Latvia, Metal design department, 2015, Master Degree Art Academy of Latvia, Metal design department, 2013, Bachelor Degree;\u00a0L&#8217; \u00e9cole sup\u00e9rieure des arts Decoratifs de Strasbourg\u00a0\u00a0jewelry department (changed to\u00a0Haute &hellip; <\/p>\n<p class=\"link-more\"><a href=\"https:\/\/ginta.lv\/index.php\/portfolio\/\" class=\"more-link\">Continue reading<span class=\"screen-reader-text\"> &#8220;Portfolio&#8221;<\/span><\/a><\/p>\n","protected":false},"author":1,"featured_media":690,"parent":0,"menu_order":0,"comment_status":"closed","ping_status":"closed","template":"","meta":{"footnotes":""},"class_list":["post-67","page","type-page","status-publish","has-post-thumbnail","hentry"],"_links":{"self":[{"href":"https:\/\/ginta.lv\/index.php\/wp-json\/wp\/v2\/pages\/67","targetHints":{"allow":["GET"]}}],"collection":[{"href":"https:\/\/ginta.lv\/index.php\/wp-json\/wp\/v2\/pages"}],"about":[{"href":"https:\/\/ginta.lv\/index.php\/wp-json\/wp\/v2\/types\/page"}],"author":[{"embeddable":true,"href":"https:\/\/ginta.lv\/index.php\/wp-json\/wp\/v2\/users\/1"}],"replies":[{"embeddable":true,"href":"https:\/\/ginta.lv\/index.php\/wp-json\/wp\/v2\/comments?post=67"}],"version-history":[{"count":52,"href":"https:\/\/ginta.lv\/index.php\/wp-json\/wp\/v2\/pages\/67\/revisions"}],"predecessor-version":[{"id":924,"href":"https:\/\/ginta.lv\/index.php\/wp-json\/wp\/v2\/pages\/67\/revisions\/924"}],"wp:featuredmedia":[{"embeddable":true,"href":"https:\/\/ginta.lv\/index.php\/wp-json\/wp\/v2\/media\/690"}],"wp:attachment":[{"href":"https:\/\/ginta.lv\/index.php\/wp-json\/wp\/v2\/media?parent=67"}],"curies":[{"name":"wp","href":"https:\/\/api.w.org\/{rel}","templated":true}]}}