{"id":727,"date":"2022-02-19T13:40:02","date_gmt":"2022-02-19T11:40:02","guid":{"rendered":"http:\/\/ginta.lv\/?page_id=727"},"modified":"2022-10-24T15:29:19","modified_gmt":"2022-10-24T13:29:19","slug":"blog","status":"publish","type":"page","link":"https:\/\/ginta.lv\/index.php\/blog\/","title":{"rendered":"Blog"},"content":{"rendered":"\n<p class=\"has-medium-font-size\">PUSCE\u013b\u0100<\/p>\n\n\n\n<p> Br\u012b\u017eiem rotu m\u0101kslinieks Gints Str\u0113lis sav\u0101s kompoz\u012bcij\u0101s triepj visu m\u0101kslas v\u0113sturi, k\u0101 impresionisti triepa kr\u0101sas. \u0160\u0137iet ka pilno bildi lab\u0101k saskat\u012bt, piemiedzot acis vai atk\u0101pjoties. Vair\u0101k lasi \u0161eit &#8211; <a href=\"http:\/\/ginta.lv\/index.php\/2022\/10\/09\/ginta-strela-personalizstade-puscela\/\">Ginta Str\u0113\u013ca person\u0101lizst\u0101de \u201cPUSCE\u013b\u0100\u201d<\/a><\/p>\n\n\n\n<figure class=\"wp-block-image size-large\"><img loading=\"lazy\" decoding=\"async\" width=\"1024\" height=\"683\" src=\"https:\/\/ginta.lv\/wp-content\/uploads\/2022\/10\/IMG_4998-1-1024x683.jpg\" alt=\"\" class=\"wp-image-817\" srcset=\"https:\/\/ginta.lv\/wp-content\/uploads\/2022\/10\/IMG_4998-1-1024x683.jpg 1024w, https:\/\/ginta.lv\/wp-content\/uploads\/2022\/10\/IMG_4998-1-300x200.jpg 300w, https:\/\/ginta.lv\/wp-content\/uploads\/2022\/10\/IMG_4998-1-768x512.jpg 768w, https:\/\/ginta.lv\/wp-content\/uploads\/2022\/10\/IMG_4998-1-1536x1024.jpg 1536w, https:\/\/ginta.lv\/wp-content\/uploads\/2022\/10\/IMG_4998-1-2048x1365.jpg 2048w\" sizes=\"auto, (max-width: 767px) 89vw, (max-width: 1000px) 54vw, (max-width: 1071px) 543px, 580px\" \/><\/figure>\n\n\n\n<p style=\"font-size:10px\"><em> Izst\u0101d\u0113 &#8220;PUSCE\u013b\u0160&#8221;, foto: Ginta Gr\u016bbe <\/em><\/p>\n\n\n\n<hr class=\"wp-block-separator\"\/>\n\n\n\n<p class=\"has-medium-font-size\">SL\u012aP\u0112JOT STEREOTIPUS<\/p>\n\n\n\n<p> No 2022. gada 15. maija l\u012bdz 2022. gada 12. j\u016bnijam Sabiles m\u0101kslas, kult\u016bras un t\u016brisma centr\u0101 bija skat\u0101ma Latvijas M\u0101kslas akad\u0113mijas Met\u0101la dizaina apak\u0161nozares pasniedz\u0113ju, studentu un absolventu darbu izst\u0101de. Vair\u0101k lasi \u0161eit &#8211; <a href=\"https:\/\/ginta.lv\/index.php\/2022\/05\/15\/slipejot-stereotipus-kas-ir-metala-dizains\/\">SL\u012aP\u0112JOT STEREOTIPUS. Kas ir met\u0101la dizains?<\/a><\/p>\n\n\n\n<figure class=\"wp-block-image size-large\"><img loading=\"lazy\" decoding=\"async\" width=\"990\" height=\"660\" src=\"https:\/\/ginta.lv\/wp-content\/uploads\/2022\/10\/smallGRO_5986-1.jpg\" alt=\"\" class=\"wp-image-798\" srcset=\"https:\/\/ginta.lv\/wp-content\/uploads\/2022\/10\/smallGRO_5986-1.jpg 990w, https:\/\/ginta.lv\/wp-content\/uploads\/2022\/10\/smallGRO_5986-1-300x200.jpg 300w, https:\/\/ginta.lv\/wp-content\/uploads\/2022\/10\/smallGRO_5986-1-768x512.jpg 768w\" sizes=\"auto, (max-width: 767px) 89vw, (max-width: 1000px) 54vw, (max-width: 1071px) 543px, 580px\" \/><\/figure>\n\n\n\n<p style=\"font-size:10px\"><em> Izst\u0101des atkl\u0101\u0161an\u0101 Sabil\u0113, foto: Didzis Grodzs <\/em><\/p>\n\n\n\n<hr class=\"wp-block-separator\"\/>\n\n\n\n<p class=\"has-medium-font-size\">DZIM\u0160ANAS DIENA<\/p>\n\n\n\n<p>2021. gada febru\u0101r\u012b&nbsp;savu 3 gadus dzim\u0161anas dienu svin Rotu m\u0101kslas biedr\u012bba.  Nov\u0113lu biedr\u012bbai dzim\u0161anas dien\u0101, lai iek\u0161ien\u0113 past\u0101vo\u0161ie dom\u0101\u0161anas veidi&nbsp; viens otru sp\u0113cina un izgl\u012bto, nodro\u0161inot intelektu\u0101lo izaugsmi.  Pilno rakstu lasi \u0161eit &#8211;  <a href=\"http:\/\/ginta.lv\/index.php\/2021\/02\/17\/augt-intelektuali-sociali-un-emocionali\/\">Augt intelektu\u0101li, soci\u0101li un emocion\u0101li<\/a> <\/p>\n\n\n\n<div class=\"wp-block-group\"><div class=\"wp-block-group__inner-container is-layout-flow wp-block-group-is-layout-flow\">\n<div class=\"wp-block-image is-style-default\"><figure class=\"aligncenter size-large\"><img loading=\"lazy\" decoding=\"async\" width=\"1024\" height=\"683\" src=\"https:\/\/ginta.lv\/wp-content\/uploads\/2021\/02\/Kaspars-Filips-Dobrovolskis-T.28216717-03195small-1024x683.jpg\" alt=\"\" class=\"wp-image-698\" srcset=\"https:\/\/ginta.lv\/wp-content\/uploads\/2021\/02\/Kaspars-Filips-Dobrovolskis-T.28216717-03195small-1024x683.jpg 1024w, https:\/\/ginta.lv\/wp-content\/uploads\/2021\/02\/Kaspars-Filips-Dobrovolskis-T.28216717-03195small-300x200.jpg 300w, https:\/\/ginta.lv\/wp-content\/uploads\/2021\/02\/Kaspars-Filips-Dobrovolskis-T.28216717-03195small-768x512.jpg 768w, https:\/\/ginta.lv\/wp-content\/uploads\/2021\/02\/Kaspars-Filips-Dobrovolskis-T.28216717-03195small.jpg 1174w\" sizes=\"auto, (max-width: 767px) 89vw, (max-width: 1000px) 54vw, (max-width: 1071px) 543px, 580px\" \/><\/figure><\/div>\n<\/div><\/div>\n\n\n\n<p style=\"font-size:10px\">    <em>No kreis\u0101s \u2013 Zane Vilka, Daria Semjonova, Maija V\u012btola-Zitmane, Ilze Egle, J\u0101nis Brants, Una Mikuda, Paula Treimane, Anita Savicka, Guntis Lauders, M\u0101ris Auni\u0146\u0161, Anna Fanigina, Andris Lauders, Rasma Pu\u0161pure, Ginta Gr\u016bbe, Gints Str\u0113lis, M\u0101ris \u0160usti\u0146\u0161, Laura Selecka, Valdis Bro\u017ee. Foto \u2013 Kaspars Filips Dobrovolskis 2020     <\/em><\/p>\n\n\n\n<hr class=\"wp-block-separator\"\/>\n\n\n\n<p class=\"has-medium-font-size\">  Z\u012aME\/MARK <\/p>\n\n\n\n<p class=\"has-normal-font-size\">Rotu m\u0101kslas biedr\u012bbas izst\u0101de Z\u012aME\/MARK tika atkl\u0101ta 2020. gada 7.febru\u0101r\u012b, Daugavpils Marka Rotko m\u0101kslas centr\u0101. Tobr\u012bd neviens v\u0113l nenojauta ka dr\u012bz pasauli piemekl\u0113s sav\u0101d\u0101 pand\u0113mija. Vladislava \u010cistjakova veidotaj\u0101 piespraud\u0113 romantiskaj\u0101 uzrakst\u0101 M\u0430\u0448\u0430 + \u0421\u0430\u0448\u0430, ko ietver sirds forma, paties\u012bb\u0101 iekod\u0113tas autoram vien zin\u0101mas re\u0101las personas. \u0160is ir viens no spilgt\u0101kajiem izst\u0101des darbiem, jo neierakst\u0101s nevien\u0101 no man\u0101m aprakst\u012btaj\u0101m, iedom\u0101taj\u0101m kategorij\u0101m. Pilno rakstu lasi \u0161eit &#8211;  <a href=\"http:\/\/ginta.lv\/index.php\/2020\/03\/11\/rotu-makslas-biedribas-izstade-zime\/\">Rotu m\u0101kslas biedr\u012bbas izst\u0101de Z\u012aME<\/a><\/p>\n\n\n\n<figure class=\"wp-block-image size-large is-resized is-style-default\"><img loading=\"lazy\" decoding=\"async\" src=\"http:\/\/ginta.lv\/wp-content\/uploads\/2020\/03\/vladislavs.jpg\" alt=\"\" class=\"wp-image-657\" width=\"580\" height=\"583\" srcset=\"https:\/\/ginta.lv\/wp-content\/uploads\/2020\/03\/vladislavs.jpg 596w, https:\/\/ginta.lv\/wp-content\/uploads\/2020\/03\/vladislavs-150x150.jpg 150w, https:\/\/ginta.lv\/wp-content\/uploads\/2020\/03\/vladislavs-298x300.jpg 298w, https:\/\/ginta.lv\/wp-content\/uploads\/2020\/03\/vladislavs-100x100.jpg 100w\" sizes=\"auto, (max-width: 580px) 100vw, 580px\" \/><\/figure>\n\n\n\n<p style=\"font-size:10px\">   <em>Vladislavs \u010cistjakovs, Daugavpils iela, 2020, sudrabs, izm\u0113ri: 50x70mm, foto: autora \u012bpa\u0161ums<\/em>   <\/p>\n\n\n\n<hr class=\"wp-block-separator\"\/>\n\n\n\n<p class=\"has-medium-font-size\">PAAUGSTIN\u0100T\u0100 TEMPERAT\u016aRA<\/p>\n\n\n\n<p> No 2019. gada 12. decembra l\u012bdz 2020. gada 28. janv\u0101rim Gulbenes novada v\u0113stures un m\u0101kslas muzej\u0101, Vecgulbenes mui\u017eas Sarkan\u0101s pils mansard\u0101 bija skat\u0101ma Latvijas M\u0101kslas akad\u0113mijas Met\u0101la dizaina apak\u0161nozares pasniedz\u0113ju, studentu un absolventu darbu izst\u0101de. Ekspoz\u012bciju papildin\u0101ja apraksts par studij\u0101m, absolventiem, studiju uzdevumiem un pasniedz\u0113jiem Met\u0101la izstr\u0101d\u0101jumu dizaina apak\u0161nozar\u0113 (aktu\u0101l\u0101 situ\u0101cija 2019. gad\u0101), par to vair\u0101k lasi \u0161eit &#8211; <a href=\"https:\/\/ginta.lv\/index.php\/2019\/12\/12\/paaugstinata-temperatura\/\">PAAUGSTIN\u0100T\u0100 TEMPERAT\u016aRA<\/a><\/p>\n\n\n\n<figure class=\"wp-block-image size-large\"><img loading=\"lazy\" decoding=\"async\" width=\"1024\" height=\"684\" src=\"https:\/\/ginta.lv\/wp-content\/uploads\/2022\/10\/01-Nils-Jumitis-1-1024x684.jpg\" alt=\"\" class=\"wp-image-852\" srcset=\"https:\/\/ginta.lv\/wp-content\/uploads\/2022\/10\/01-Nils-Jumitis-1-1024x684.jpg 1024w, https:\/\/ginta.lv\/wp-content\/uploads\/2022\/10\/01-Nils-Jumitis-1-300x200.jpg 300w, https:\/\/ginta.lv\/wp-content\/uploads\/2022\/10\/01-Nils-Jumitis-1-768x513.jpg 768w, https:\/\/ginta.lv\/wp-content\/uploads\/2022\/10\/01-Nils-Jumitis-1-1536x1025.jpg 1536w, https:\/\/ginta.lv\/wp-content\/uploads\/2022\/10\/01-Nils-Jumitis-1-2048x1367.jpg 2048w\" sizes=\"auto, (max-width: 767px) 89vw, (max-width: 1000px) 54vw, (max-width: 1071px) 543px, 580px\" \/><\/figure>\n\n\n\n<p style=\"font-size:10px\"><em>Nils Jum\u012btis, bakalaura darbs, skulpt\u016bru s\u0113rija \u201cIn the Mental Space\u201d, 2019, materi\u0101ls \u2013 t\u0113rauds, foto: Ginta Gr\u016bbe<\/em><br><\/p>\n\n\n\n<hr class=\"wp-block-separator\"\/>\n\n\n\n<p class=\"has-medium-font-size\">PAR VALDA BRO\u017dES IZST\u0100DI UN LAIKMET\u012aGUMU <\/p>\n\n\n\n<p> Par v\u0101rdu \u2013 laikmet\u012bgs \u2013 rotu kontekst\u0101 esmu dzird\u0113jusi da\u017e\u0101dus viedok\u013cus. Visbie\u017e\u0101k \u0161is v\u0101rds saist\u0101s ar liekv\u0101rd\u012bbu. Nezinot k\u0101 izklaus\u012bties gudr\u0101kam, pievieno\u0161u \u0161o stil\u012bgo v\u0101rdu, kas izklaus\u0101s labi. Citi \u0161o v\u0101rdu apzin\u0101ti nelieto, visticam\u0101k, jo nav tie\u0161i skaidra v\u0101rda noz\u012bme. Savuk\u0101rt citiem tas j\u016bk ar v\u0101rdu \u2013 konceptu\u0101ls \u2013 ko ar\u012b m\u0113dz attiecin\u0101t uz rot\u0101m.  Pilno rakstu lasi \u0161eit &#8211; <a href=\"http:\/\/ginta.lv\/index.php\/2018\/11\/16\/par-izstadi-un-laikmetigumu\/\">Par izst\u0101di un laikmet\u012bgumu<\/a>.<\/p>\n\n\n\n<figure class=\"wp-block-image size-large\"><img loading=\"lazy\" decoding=\"async\" width=\"3888\" height=\"2592\" src=\"http:\/\/ginta.lv\/wp-content\/uploads\/2018\/11\/IMG_9952.jpg\" alt=\"\" class=\"wp-image-359\"\/><\/figure>\n\n\n\n<p style=\"font-size:10px\"> <em>Bro\u017ee koment\u0113ja, ka gredzenu s\u0113rija \u201cGauja\u201d ir atsauce uz vi\u0146a 2012. gad\u0101 rad\u012bto gredzenu s\u0113riju \u201cBez nosaukuma\u201d (Klimt02.net s\u0113rija par\u0101d\u0101s ar nosaukumu Zirgi).<\/em><\/p>\n\n\n\n<hr class=\"wp-block-separator\"\/>\n\n\n\n<p class=\"has-medium-font-size\">UNAS MIKUDAS DIENASGR\u0100MATA<\/p>\n\n\n\n<p> Kompoz\u012bcijas izj\u016btu nevar iem\u0101c\u012bties, labam m\u0101ksliniekam t\u0101dai vienk\u0101r\u0161i ir j\u0101b\u016bt. \u0160o izj\u016btu m\u0101kslinieks sav\u0101 karjeras gait\u0101 var izkopt l\u012bdz s\u012bk\u0101kajam smalkumam. Ar kompoz\u012bcijas izj\u016btu \u0161eit tiek saprasta sp\u0113ja veiksm\u012bgi izv\u0113l\u0113ties proporcijas un sajust, kad ir vajadz\u012bgs k\u0101ds elements, un kad lab\u0101k atst\u0101t tuk\u0161u laukumu.&nbsp;Pilno rakstu lasi \u0161eit &#8211; <a href=\"http:\/\/ginta.lv\/index.php\/2018\/09\/19\/unas-mikudas-dienasgramata\/\">Unas Mikudas dienasgr\u0101mata<\/a>.<\/p>\n\n\n\n<figure class=\"wp-block-image is-resized is-style-default\"><img loading=\"lazy\" decoding=\"async\" src=\"http:\/\/ginta.lv\/wp-content\/uploads\/2018\/09\/Mikuda-inside-out-03.jpg\" alt=\"\" class=\"wp-image-307\" width=\"585\" height=\"878\"\/><\/figure>\n\n\n\n<p style=\"font-size:10px\"> Una Mikuda, piespraude \u201cMiers\u201d 2018<br><\/p>\n\n\n\n<hr class=\"wp-block-separator\"\/>\n\n\n\n<p class=\"has-medium-font-size\">VAI SVAR\u012aGI NOSAUKT LIETAS V\u0100RD\u0100?<\/p>\n\n\n\n<p> Nedaudz p\u0101rsteigta bija run\u0101t\u0101ja, jo san\u0101ku\u0161ie, uz rokas pirkstiem saskait\u0101mie, cilv\u0113ki p\u0101rsvar\u0101 bija gan darbu autori, vi\u0146u radinieki, gan ar met\u0101lm\u0101kslu cie\u0161i saist\u012bti cilv\u0113ki, k\u0101 es. Andra Silap\u0113tere lika noprast, ka gatavojusies publikai bez priek\u0161zin\u0101\u0161an\u0101m, bet san\u0101ca glu\u017ei pret\u0113ji. Ievadv\u0101rdus sakot Iliana Veinberga nor\u0101d\u012bja uz radu\u0161os situ\u0101ciju un aicin\u0101ja kl\u0101teso\u0161os papildin\u0101t st\u0101st\u012bjumu. Andras uzdevums nebija viegls, gandr\u012bz k\u0101 st\u0101st\u012bt m\u0101ksliniekiem par vi\u0146u pa\u0161u darbiem. Pilno rakstu lasi \u0161eit &#8211; <a href=\"http:\/\/ginta.lv\/index.php\/2018\/09\/19\/vai-svarigi-nosaukt-lietas-varda\/\">Vai svar\u012bgi nosaukt lietas v\u0101rd\u0101?<\/a><\/p>\n\n\n\n<figure class=\"wp-block-image size-large\"><img loading=\"lazy\" decoding=\"async\" width=\"650\" height=\"433\" src=\"http:\/\/ginta.lv\/wp-content\/uploads\/2018\/01\/77sin.jpg\" alt=\"\" class=\"wp-image-193\" srcset=\"https:\/\/ginta.lv\/wp-content\/uploads\/2018\/01\/77sin.jpg 650w, https:\/\/ginta.lv\/wp-content\/uploads\/2018\/01\/77sin-300x200.jpg 300w\" sizes=\"auto, (max-width: 650px) 100vw, 650px\" \/><\/figure>\n\n\n\n<p style=\"font-size:10px\"> Apmekl\u0113t\u0101ji apbr\u012bno Valda Bro\u017ees darbus, izst\u0101de&nbsp;<em>Siner\u0123ija. Laikmet\u012bg\u0101s tendences met\u0101lm\u0101ksl\u0101 un dizain\u0101<\/em>. Foto: autors tiek mekl\u0113ts<br><\/p>\n\n\n\n<hr class=\"wp-block-separator\"\/>\n","protected":false},"excerpt":{"rendered":"<p>PUSCE\u013b\u0100 Br\u012b\u017eiem rotu m\u0101kslinieks Gints Str\u0113lis sav\u0101s kompoz\u012bcij\u0101s triepj visu m\u0101kslas v\u0113sturi, k\u0101 impresionisti triepa kr\u0101sas. \u0160\u0137iet ka pilno bildi lab\u0101k saskat\u012bt, piemiedzot acis vai atk\u0101pjoties. Vair\u0101k lasi \u0161eit &#8211; Ginta Str\u0113\u013ca person\u0101lizst\u0101de \u201cPUSCE\u013b\u0100\u201d Izst\u0101d\u0113 &#8220;PUSCE\u013b\u0160&#8221;, foto: Ginta Gr\u016bbe SL\u012aP\u0112JOT STEREOTIPUS No 2022. gada 15. maija l\u012bdz 2022. gada 12. j\u016bnijam Sabiles m\u0101kslas, kult\u016bras un &hellip; <\/p>\n<p class=\"link-more\"><a href=\"https:\/\/ginta.lv\/index.php\/blog\/\" class=\"more-link\">Continue reading<span class=\"screen-reader-text\"> &#8220;Blog&#8221;<\/span><\/a><\/p>\n","protected":false},"author":1,"featured_media":0,"parent":0,"menu_order":0,"comment_status":"closed","ping_status":"closed","template":"","meta":{"footnotes":""},"class_list":["post-727","page","type-page","status-publish","hentry"],"_links":{"self":[{"href":"https:\/\/ginta.lv\/index.php\/wp-json\/wp\/v2\/pages\/727","targetHints":{"allow":["GET"]}}],"collection":[{"href":"https:\/\/ginta.lv\/index.php\/wp-json\/wp\/v2\/pages"}],"about":[{"href":"https:\/\/ginta.lv\/index.php\/wp-json\/wp\/v2\/types\/page"}],"author":[{"embeddable":true,"href":"https:\/\/ginta.lv\/index.php\/wp-json\/wp\/v2\/users\/1"}],"replies":[{"embeddable":true,"href":"https:\/\/ginta.lv\/index.php\/wp-json\/wp\/v2\/comments?post=727"}],"version-history":[{"count":33,"href":"https:\/\/ginta.lv\/index.php\/wp-json\/wp\/v2\/pages\/727\/revisions"}],"predecessor-version":[{"id":854,"href":"https:\/\/ginta.lv\/index.php\/wp-json\/wp\/v2\/pages\/727\/revisions\/854"}],"wp:attachment":[{"href":"https:\/\/ginta.lv\/index.php\/wp-json\/wp\/v2\/media?parent=727"}],"curies":[{"name":"wp","href":"https:\/\/api.w.org\/{rel}","templated":true}]}}